{"id":7341,"date":"2026-04-01T16:53:47","date_gmt":"2026-04-01T19:53:47","guid":{"rendered":"https:\/\/inbeco.com.ar\/?post_type=product&#038;p=7341"},"modified":"2026-04-20T10:33:31","modified_gmt":"2026-04-20T13:33:31","slug":"anodo-de-magnesio-30-65l-repuesto-termotanque-senorial","status":"publish","type":"product","link":"https:\/\/inbeco.com.ar\/index.php\/producto\/anodo-de-magnesio-30-65l-repuesto-termotanque-senorial\/","title":{"rendered":"\u00c1nodo de Magnesio 30\/65L Repuesto Termotanque Se\u00f1orial"},"content":{"rendered":"<p>\u00bfQue incluye el producto?<\/p>\n<p>1 \u00c1NODO DE MAGNESIO SE\u00d1ORIAL 30\/65Lt.<\/p>\n<p>Caracter\u00edsticas:<\/p>\n<p>Largo del \u00e1nodo solo: 350mm.<\/p>\n<p>Largo c\/Rosca: 370mm.<\/p>\n<p>Di\u00e1metro: 19mm.<\/p>\n<p>Compatible con todos los modelos de termotanques a gas y el\u00e9ctricos de 30 a 65 Litros de Se\u00f1orial.<\/p>\n<p>Este repuesto es ORIGINAL de Se\u00f1orial.<\/p>\n","protected":false},"excerpt":{"rendered":"<p>\u00bfQue incluye el producto? 1 \u00c1NODO DE MAGNESIO SE\u00d1ORIAL 30\/65Lt. Caracter\u00edsticas: Largo del \u00e1nodo solo: 350mm. Largo c\/Rosca: 370mm. Di\u00e1metro: 19mm. Compatible con todos los modelos de termotanques a gas y el\u00e9ctricos de 30 a 65 Litros de Se\u00f1orial. Este repuesto es ORIGINAL de Se\u00f1orial.<\/p>\n","protected":false},"featured_media":7342,"comment_status":"open","ping_status":"closed","template":"","meta":[],"product_brand":[],"product_cat":[307,45],"product_tag":[48],"class_list":{"0":"post-7341","1":"product","2":"type-product","3":"status-publish","4":"has-post-thumbnail","6":"product_cat-repuestos","7":"product_cat-termotanques","8":"product_tag-senorial","10":"first","11":"instock","12":"shipping-taxable","13":"purchasable","14":"product-type-simple"},"jetpack_sharing_enabled":true,"_links":{"self":[{"href":"https:\/\/inbeco.com.ar\/index.php\/wp-json\/wp\/v2\/product\/7341","targetHints":{"allow":["GET"]}}],"collection":[{"href":"https:\/\/inbeco.com.ar\/index.php\/wp-json\/wp\/v2\/product"}],"about":[{"href":"https:\/\/inbeco.com.ar\/index.php\/wp-json\/wp\/v2\/types\/product"}],"replies":[{"embeddable":true,"href":"https:\/\/inbeco.com.ar\/index.php\/wp-json\/wp\/v2\/comments?post=7341"}],"version-history":[{"count":1,"href":"https:\/\/inbeco.com.ar\/index.php\/wp-json\/wp\/v2\/product\/7341\/revisions"}],"predecessor-version":[{"id":7346,"href":"https:\/\/inbeco.com.ar\/index.php\/wp-json\/wp\/v2\/product\/7341\/revisions\/7346"}],"wp:featuredmedia":[{"embeddable":true,"href":"https:\/\/inbeco.com.ar\/index.php\/wp-json\/wp\/v2\/media\/7342"}],"wp:attachment":[{"href":"https:\/\/inbeco.com.ar\/index.php\/wp-json\/wp\/v2\/media?parent=7341"}],"wp:term":[{"taxonomy":"product_brand","embeddable":true,"href":"https:\/\/inbeco.com.ar\/index.php\/wp-json\/wp\/v2\/product_brand?post=7341"},{"taxonomy":"product_cat","embeddable":true,"href":"https:\/\/inbeco.com.ar\/index.php\/wp-json\/wp\/v2\/product_cat?post=7341"},{"taxonomy":"product_tag","embeddable":true,"href":"https:\/\/inbeco.com.ar\/index.php\/wp-json\/wp\/v2\/product_tag?post=7341"}],"curies":[{"name":"wp","href":"https:\/\/api.w.org\/{rel}","templated":true}]}}