{"id":7305,"date":"2026-04-01T16:08:37","date_gmt":"2026-04-01T19:08:37","guid":{"rendered":"https:\/\/inbeco.com.ar\/?post_type=product&#038;p=7305"},"modified":"2026-04-20T10:34:36","modified_gmt":"2026-04-20T13:34:36","slug":"conjunto-quemador-chico-30-50l-repuesto-termotanque-senorial","status":"publish","type":"product","link":"https:\/\/inbeco.com.ar\/index.php\/producto\/conjunto-quemador-chico-30-50l-repuesto-termotanque-senorial\/","title":{"rendered":"Conjunto Quemador Chico 30-50L Repuesto Termotanque Se\u00f1orial"},"content":{"rendered":"<p>\u00bfQue incluye el producto?<\/p>\n<p>QUEMADOR COMPLETO TERMOCUPLA PILOTO CA\u00d1O DEL PILOTO CA\u00d1O DE ALIMENTACI\u00d3N<\/p>\n<p>Compatible con los modelos de termotanque a gas de 30 y 50 Litros de Se\u00f1orial.<\/p>\n<p>TODAS las piezas de esta publicaci\u00f3n son ORIGINALES de Se\u00f1orial.<\/p>\n","protected":false},"excerpt":{"rendered":"<p>\u00bfQue incluye el producto? QUEMADOR COMPLETO TERMOCUPLA PILOTO CA\u00d1O DEL PILOTO CA\u00d1O DE ALIMENTACI\u00d3N Compatible con los modelos de termotanque a gas de 30 y 50 Litros de Se\u00f1orial. TODAS las piezas de esta publicaci\u00f3n son ORIGINALES de Se\u00f1orial.<\/p>\n","protected":false},"featured_media":7306,"comment_status":"open","ping_status":"closed","template":"","meta":[],"product_brand":[],"product_cat":[307,45],"product_tag":[],"class_list":{"0":"post-7305","1":"product","2":"type-product","3":"status-publish","4":"has-post-thumbnail","6":"product_cat-repuestos","7":"product_cat-termotanques","9":"first","10":"instock","11":"shipping-taxable","12":"purchasable","13":"product-type-simple"},"jetpack_sharing_enabled":true,"_links":{"self":[{"href":"https:\/\/inbeco.com.ar\/index.php\/wp-json\/wp\/v2\/product\/7305","targetHints":{"allow":["GET"]}}],"collection":[{"href":"https:\/\/inbeco.com.ar\/index.php\/wp-json\/wp\/v2\/product"}],"about":[{"href":"https:\/\/inbeco.com.ar\/index.php\/wp-json\/wp\/v2\/types\/product"}],"replies":[{"embeddable":true,"href":"https:\/\/inbeco.com.ar\/index.php\/wp-json\/wp\/v2\/comments?post=7305"}],"version-history":[{"count":1,"href":"https:\/\/inbeco.com.ar\/index.php\/wp-json\/wp\/v2\/product\/7305\/revisions"}],"predecessor-version":[{"id":7314,"href":"https:\/\/inbeco.com.ar\/index.php\/wp-json\/wp\/v2\/product\/7305\/revisions\/7314"}],"wp:featuredmedia":[{"embeddable":true,"href":"https:\/\/inbeco.com.ar\/index.php\/wp-json\/wp\/v2\/media\/7306"}],"wp:attachment":[{"href":"https:\/\/inbeco.com.ar\/index.php\/wp-json\/wp\/v2\/media?parent=7305"}],"wp:term":[{"taxonomy":"product_brand","embeddable":true,"href":"https:\/\/inbeco.com.ar\/index.php\/wp-json\/wp\/v2\/product_brand?post=7305"},{"taxonomy":"product_cat","embeddable":true,"href":"https:\/\/inbeco.com.ar\/index.php\/wp-json\/wp\/v2\/product_cat?post=7305"},{"taxonomy":"product_tag","embeddable":true,"href":"https:\/\/inbeco.com.ar\/index.php\/wp-json\/wp\/v2\/product_tag?post=7305"}],"curies":[{"name":"wp","href":"https:\/\/api.w.org\/{rel}","templated":true}]}}