{"id":6656,"date":"2025-11-17T14:43:40","date_gmt":"2025-11-17T17:43:40","guid":{"rendered":"https:\/\/inbeco.com.ar\/?post_type=product&#038;p=6656"},"modified":"2026-03-17T16:59:57","modified_gmt":"2026-03-17T19:59:57","slug":"cocina-industrial-acero-inoxidable-tst-cf-55","status":"publish","type":"product","link":"https:\/\/inbeco.com.ar\/index.php\/producto\/cocina-industrial-acero-inoxidable-tst-cf-55\/","title":{"rendered":"Cocina Industrial Acero Inoxidable TST CF 55"},"content":{"rendered":"<ul>\n<li>Rejillas y tapas de quemadores: Hierro fundido esmaltado con tratamiento termorresistente.<\/li>\n<li>Horno: Piso en tejuelas refractarias, puerta con resorte industrial y burlete siliconado, v\u00e1lvula de seguridad en el horno, quemador longitudinal de acero inoxidable, pir\u00f3metro indicador de la temperatura y aislaci\u00f3n del exterior mediante vrac, accesorios: 2 rejillas.<\/li>\n<\/ul>\n","protected":false},"excerpt":{"rendered":"<ul>\n<li>Medidas: alto 85 cm, ancho 55 cm, profundidad 62 cm.<\/li>\n<li>Potencia: hornallas 2800 Kcal, horno 7000 Kcal.<\/li>\n<li>Conexi\u00f3n: Gas \u00d8 1\/2\u00b4.<\/li>\n<li>Funcionamiento: gas natural o envasado.<\/li>\n<li>Exterior: Acero inoxidable calidad AISI 430 esmerilado de 1 mm.<\/li>\n<\/ul>\n","protected":false},"featured_media":2766,"comment_status":"open","ping_status":"closed","template":"","meta":[],"product_brand":[],"product_cat":[243,99,242,208,100],"product_tag":[69],"class_list":{"0":"post-6656","1":"product","2":"type-product","3":"status-publish","4":"has-post-thumbnail","6":"product_cat-cf-55","7":"product_cat-cocinas","8":"product_cat-cocinas-55","9":"product_cat-cocinas-cf","10":"product_cat-gas","11":"product_tag-corbelli","13":"first","14":"instock","15":"shipping-taxable","16":"purchasable","17":"product-type-simple"},"jetpack_sharing_enabled":true,"_links":{"self":[{"href":"https:\/\/inbeco.com.ar\/index.php\/wp-json\/wp\/v2\/product\/6656","targetHints":{"allow":["GET"]}}],"collection":[{"href":"https:\/\/inbeco.com.ar\/index.php\/wp-json\/wp\/v2\/product"}],"about":[{"href":"https:\/\/inbeco.com.ar\/index.php\/wp-json\/wp\/v2\/types\/product"}],"replies":[{"embeddable":true,"href":"https:\/\/inbeco.com.ar\/index.php\/wp-json\/wp\/v2\/comments?post=6656"}],"version-history":[{"count":1,"href":"https:\/\/inbeco.com.ar\/index.php\/wp-json\/wp\/v2\/product\/6656\/revisions"}],"predecessor-version":[{"id":6657,"href":"https:\/\/inbeco.com.ar\/index.php\/wp-json\/wp\/v2\/product\/6656\/revisions\/6657"}],"wp:featuredmedia":[{"embeddable":true,"href":"https:\/\/inbeco.com.ar\/index.php\/wp-json\/wp\/v2\/media\/2766"}],"wp:attachment":[{"href":"https:\/\/inbeco.com.ar\/index.php\/wp-json\/wp\/v2\/media?parent=6656"}],"wp:term":[{"taxonomy":"product_brand","embeddable":true,"href":"https:\/\/inbeco.com.ar\/index.php\/wp-json\/wp\/v2\/product_brand?post=6656"},{"taxonomy":"product_cat","embeddable":true,"href":"https:\/\/inbeco.com.ar\/index.php\/wp-json\/wp\/v2\/product_cat?post=6656"},{"taxonomy":"product_tag","embeddable":true,"href":"https:\/\/inbeco.com.ar\/index.php\/wp-json\/wp\/v2\/product_tag?post=6656"}],"curies":[{"name":"wp","href":"https:\/\/api.w.org\/{rel}","templated":true}]}}