{"id":6524,"date":"2025-11-06T15:37:29","date_gmt":"2025-11-06T18:37:29","guid":{"rendered":"https:\/\/inbeco.com.ar\/?post_type=product&#038;p=6524"},"modified":"2026-04-10T15:22:34","modified_gmt":"2026-04-10T18:22:34","slug":"microondas-empotrable-smart-steel","status":"publish","type":"product","link":"https:\/\/inbeco.com.ar\/index.php\/producto\/microondas-empotrable-smart-steel\/","title":{"rendered":"Microondas Empotrable Smart Steel"},"content":{"rendered":"<div class=\"txtEspec\"><strong>Funciones:<\/strong><br \/>\nMicroondas<br \/>\nGrill<br \/>\nDescongelar por peso<br \/>\nDescongelar por tiempo<br \/>\nInicio r\u00e1pido<br \/>\nMen\u00fa de cocci\u00f3n autom\u00e1tica<br \/>\nCocci\u00f3n en varias etapas<\/div>\n<div class=\"txtEspec\"><strong>Dimensiones de la abertura<\/strong>:<\/div>\n<div class=\"txtEspec\">Ancho: 560mm<\/div>\n<div class=\"txtEspec\">Altura: 380mm<\/div>\n<div class=\"txtEspec\">Profundidad: 450mm<br \/>\n<strong>Dimensiones del producto<\/strong>:<\/div>\n<div class=\"txtEspec\">Ancho: 594mm<\/div>\n<div class=\"txtEspec\">Altura: 387mm<\/div>\n<div class=\"txtEspec\">Profundidad: 414 mm<\/div>\n","protected":false},"excerpt":{"rendered":"<p>Control: Full Touch<br \/>\nProgramas: 8 programas de cocci\u00f3n autom\u00e1ticos<br \/>\nDisplay: LED<br \/>\nCavidad: Acero inoxidable<br \/>\nBloqueo de seguridad para ni\u00f1os: Si<br \/>\nCapacidad: 25 litros<br \/>\nDi\u00e1metro del plato giratorio: 315 mm<br \/>\nPotencia de entrada del microondas: 1450 W,<br \/>\nPotencia de salida del microondas: 900 W,<br \/>\nPotencia del Grill: 2200 W<\/p>\n","protected":false},"featured_media":6525,"comment_status":"open","ping_status":"closed","template":"","meta":[],"product_brand":[],"product_cat":[263],"product_tag":[78],"class_list":{"0":"post-6524","1":"product","2":"type-product","3":"status-publish","4":"has-post-thumbnail","6":"product_cat-microondas-hornos","7":"product_tag-tst","9":"first","10":"instock","11":"shipping-taxable","12":"purchasable","13":"product-type-simple"},"jetpack_sharing_enabled":true,"_links":{"self":[{"href":"https:\/\/inbeco.com.ar\/index.php\/wp-json\/wp\/v2\/product\/6524","targetHints":{"allow":["GET"]}}],"collection":[{"href":"https:\/\/inbeco.com.ar\/index.php\/wp-json\/wp\/v2\/product"}],"about":[{"href":"https:\/\/inbeco.com.ar\/index.php\/wp-json\/wp\/v2\/types\/product"}],"replies":[{"embeddable":true,"href":"https:\/\/inbeco.com.ar\/index.php\/wp-json\/wp\/v2\/comments?post=6524"}],"version-history":[{"count":3,"href":"https:\/\/inbeco.com.ar\/index.php\/wp-json\/wp\/v2\/product\/6524\/revisions"}],"predecessor-version":[{"id":6530,"href":"https:\/\/inbeco.com.ar\/index.php\/wp-json\/wp\/v2\/product\/6524\/revisions\/6530"}],"wp:featuredmedia":[{"embeddable":true,"href":"https:\/\/inbeco.com.ar\/index.php\/wp-json\/wp\/v2\/media\/6525"}],"wp:attachment":[{"href":"https:\/\/inbeco.com.ar\/index.php\/wp-json\/wp\/v2\/media?parent=6524"}],"wp:term":[{"taxonomy":"product_brand","embeddable":true,"href":"https:\/\/inbeco.com.ar\/index.php\/wp-json\/wp\/v2\/product_brand?post=6524"},{"taxonomy":"product_cat","embeddable":true,"href":"https:\/\/inbeco.com.ar\/index.php\/wp-json\/wp\/v2\/product_cat?post=6524"},{"taxonomy":"product_tag","embeddable":true,"href":"https:\/\/inbeco.com.ar\/index.php\/wp-json\/wp\/v2\/product_tag?post=6524"}],"curies":[{"name":"wp","href":"https:\/\/api.w.org\/{rel}","templated":true}]}}