{"id":6277,"date":"2025-10-06T12:01:14","date_gmt":"2025-10-06T15:01:14","guid":{"rendered":"https:\/\/inbeco.com.ar\/?post_type=product&#038;p=6277"},"modified":"2025-10-06T12:03:48","modified_gmt":"2025-10-06T15:03:48","slug":"motorarg-bomba-presurizadora-tip-1","status":"publish","type":"product","link":"https:\/\/inbeco.com.ar\/index.php\/producto\/motorarg-bomba-presurizadora-tip-1\/","title":{"rendered":"Motorarg Bomba presurizadora TIP 1"},"content":{"rendered":"<p>Potencia 0,13 hp.<br \/>\nConsumo 0,4 A.<br \/>\nAltura m\u00e1x: 8 m.c.a.<br \/>\nCaudal m\u00e1x: 1,50 m3\/h.<br \/>\nGarant\u00eda oficial por 1 a\u00f1o.<\/p>\n","protected":false},"excerpt":{"rendered":"<p>La l\u00ednea de electrobombas TIP est\u00e1 dise\u00f1ada para presurizaci\u00f3n dom\u00e9stica. El equipo se acciona en el momento que se abre un consumo y se apaga cuando el mismo se detiene. No deja presurizada la ca\u00f1er\u00eda.<br \/>\nSensor de flujo incorporado que permite su funcionamiento en AUTOM\u00c1TICO<br \/>\nEje y bujes en CER\u00c1MICA<br \/>\nSilenciosa, f\u00e1cil de instalar y libre de mantenimiento<br \/>\nNo requiere regulaci\u00f3n<br \/>\nNo mantiene las ca\u00f1er\u00edas presurizadas, evitando as\u00ed posibles problemas de roturas y filtraciones en instalaciones antiguas<br \/>\nCumplen con las normas de seguridad el\u00e9ctrica IEC<\/p>\n","protected":false},"featured_media":2533,"comment_status":"open","ping_status":"closed","template":"","meta":[],"product_brand":[],"product_cat":[56,57],"product_tag":[75],"class_list":{"0":"post-6277","1":"product","2":"type-product","3":"status-publish","4":"has-post-thumbnail","6":"product_cat-bombas","7":"product_cat-presurizadoras","8":"product_tag-motorarg","10":"first","11":"outofstock","12":"sold-individually","13":"shipping-taxable","14":"product-type-simple"},"jetpack_sharing_enabled":true,"_links":{"self":[{"href":"https:\/\/inbeco.com.ar\/index.php\/wp-json\/wp\/v2\/product\/6277","targetHints":{"allow":["GET"]}}],"collection":[{"href":"https:\/\/inbeco.com.ar\/index.php\/wp-json\/wp\/v2\/product"}],"about":[{"href":"https:\/\/inbeco.com.ar\/index.php\/wp-json\/wp\/v2\/types\/product"}],"replies":[{"embeddable":true,"href":"https:\/\/inbeco.com.ar\/index.php\/wp-json\/wp\/v2\/comments?post=6277"}],"version-history":[{"count":1,"href":"https:\/\/inbeco.com.ar\/index.php\/wp-json\/wp\/v2\/product\/6277\/revisions"}],"predecessor-version":[{"id":6278,"href":"https:\/\/inbeco.com.ar\/index.php\/wp-json\/wp\/v2\/product\/6277\/revisions\/6278"}],"wp:featuredmedia":[{"embeddable":true,"href":"https:\/\/inbeco.com.ar\/index.php\/wp-json\/wp\/v2\/media\/2533"}],"wp:attachment":[{"href":"https:\/\/inbeco.com.ar\/index.php\/wp-json\/wp\/v2\/media?parent=6277"}],"wp:term":[{"taxonomy":"product_brand","embeddable":true,"href":"https:\/\/inbeco.com.ar\/index.php\/wp-json\/wp\/v2\/product_brand?post=6277"},{"taxonomy":"product_cat","embeddable":true,"href":"https:\/\/inbeco.com.ar\/index.php\/wp-json\/wp\/v2\/product_cat?post=6277"},{"taxonomy":"product_tag","embeddable":true,"href":"https:\/\/inbeco.com.ar\/index.php\/wp-json\/wp\/v2\/product_tag?post=6277"}],"curies":[{"name":"wp","href":"https:\/\/api.w.org\/{rel}","templated":true}]}}