{"id":5947,"date":"2025-08-12T19:29:32","date_gmt":"2025-08-12T17:29:32","guid":{"rendered":"https:\/\/inbeco.com.ar\/?post_type=product&#038;p=5947"},"modified":"2026-04-08T15:27:45","modified_gmt":"2026-04-08T18:27:45","slug":"bomba-de-calor-pool-inverter-plus-140-trifasica-vulcano","status":"publish","type":"product","link":"https:\/\/inbeco.com.ar\/index.php\/producto\/bomba-de-calor-pool-inverter-plus-140-trifasica-vulcano\/","title":{"rendered":"Bomba de calor Pool Inverter Plus 140 Trif\u00e1sica Vulcano"},"content":{"rendered":"<p>Alimentaci\u00f3n: trif\u00e1sica 400V \/ 50 Hz<br \/>\nVolumen de Piscina: hasta 160.000 L<br \/>\nTecnolog\u00eda: INVERTER<br \/>\nCapacidad de calentamiento: 35.6 kW<\/p>\n","protected":false},"excerpt":{"rendered":"<p><strong>Este producto se trae a pedido sujeto a disponibilidad del fabricante. Consulte stock antes de realizar la compra.<\/strong><\/p>\n<p>La Bomba de calor POOL-INVERTER 140 PLUS Trif\u00e1sica es una soluci\u00f3n eficiente y silenciosa para climatizar tu piscina de hasta 160.000 litros. Ayuda a elevar la temperatura del agua hasta 40\u00b0 y extender la temporada de uso, ya sea antes o despu\u00e9s del verano.<\/p>\n<p>Cuenta con conexi\u00f3n Wi-Fi que permite que manejes tu POOL-INVERTER PLUS desde donde quieras, para dejar lista tu piscina cuando desees usarla. Permite controlar la temperatura, encender o apagar el equipo y ajustar sus funciones desde el celular a trav\u00e9s de una app.<\/p>\n<p>Funciona captando calor del ambiente para transferirla al agua, elevando su temperatura de manera progresiva y constante.<\/p>\n<p>Su tecnolog\u00eda Inverter regula autom\u00e1ticamente la velocidad del compresor, optimizando el rendimiento y ahorrando hasta un 60% el consumo el\u00e9ctrico frente a sistemas tradicionales. Adem\u00e1s, su dise\u00f1o ac\u00fastico permite un funcionamiento ultra silencioso, hasta 10 veces m\u00e1s silenciosa que una bomba de calor convencional.<\/p>\n<p>Est\u00e1 equipada con un intercambiador de calor de titanio espiralado, que mejora en un 30% la transferencia t\u00e9rmica, y cuenta con modos de funcionamiento Smart y Silencioso para adaptarse al uso diario. Incluye control digital y sistema de descongelamiento autom\u00e1tico.<\/p>\n<p>Apta para exteriores (IPX4), utiliza gas refrigerante R32, m\u00e1s eficiente y menos agresivo para el ambiente.<br \/>\nGarant\u00eda: 2 a\u00f1os para el equipo completo y 5 a\u00f1os para el intercambiador de calor.<\/p>\n","protected":false},"featured_media":5885,"comment_status":"open","ping_status":"closed","template":"","meta":[],"product_brand":[],"product_cat":[95,98],"product_tag":[81],"class_list":{"0":"post-5947","1":"product","2":"type-product","3":"status-publish","4":"has-post-thumbnail","6":"product_cat-climatizador-de-piscina","7":"product_cat-por-bomba","8":"product_tag-vulcano","10":"first","11":"instock","12":"shipping-taxable","13":"purchasable","14":"product-type-simple"},"jetpack_sharing_enabled":true,"_links":{"self":[{"href":"https:\/\/inbeco.com.ar\/index.php\/wp-json\/wp\/v2\/product\/5947","targetHints":{"allow":["GET"]}}],"collection":[{"href":"https:\/\/inbeco.com.ar\/index.php\/wp-json\/wp\/v2\/product"}],"about":[{"href":"https:\/\/inbeco.com.ar\/index.php\/wp-json\/wp\/v2\/types\/product"}],"replies":[{"embeddable":true,"href":"https:\/\/inbeco.com.ar\/index.php\/wp-json\/wp\/v2\/comments?post=5947"}],"version-history":[{"count":3,"href":"https:\/\/inbeco.com.ar\/index.php\/wp-json\/wp\/v2\/product\/5947\/revisions"}],"predecessor-version":[{"id":7159,"href":"https:\/\/inbeco.com.ar\/index.php\/wp-json\/wp\/v2\/product\/5947\/revisions\/7159"}],"wp:featuredmedia":[{"embeddable":true,"href":"https:\/\/inbeco.com.ar\/index.php\/wp-json\/wp\/v2\/media\/5885"}],"wp:attachment":[{"href":"https:\/\/inbeco.com.ar\/index.php\/wp-json\/wp\/v2\/media?parent=5947"}],"wp:term":[{"taxonomy":"product_brand","embeddable":true,"href":"https:\/\/inbeco.com.ar\/index.php\/wp-json\/wp\/v2\/product_brand?post=5947"},{"taxonomy":"product_cat","embeddable":true,"href":"https:\/\/inbeco.com.ar\/index.php\/wp-json\/wp\/v2\/product_cat?post=5947"},{"taxonomy":"product_tag","embeddable":true,"href":"https:\/\/inbeco.com.ar\/index.php\/wp-json\/wp\/v2\/product_tag?post=5947"}],"curies":[{"name":"wp","href":"https:\/\/api.w.org\/{rel}","templated":true}]}}