{"id":5892,"date":"2025-08-12T15:41:07","date_gmt":"2025-08-12T13:41:07","guid":{"rendered":"https:\/\/inbeco.com.ar\/?post_type=product&#038;p=5892"},"modified":"2026-04-16T14:54:31","modified_gmt":"2026-04-16T17:54:31","slug":"purificador-rotoplas-max-negro","status":"publish","type":"product","link":"https:\/\/inbeco.com.ar\/index.php\/producto\/purificador-rotoplas-max-negro\/","title":{"rendered":"Purificador de agua Rotoplas Max Negro"},"content":{"rendered":"<p><strong>CARACTER\u00cdSTICAS:<\/strong><\/p>\n<ul>\n<li>ALTURA: 32CM<\/li>\n<li>ANCHO: 16CM<\/li>\n<li>PROFUNDIDAD: 13,5CM<\/li>\n<li>PESO: 1,4KG<\/li>\n<li>Tipo de Montaje: Sobre mesada.<\/li>\n<li>Tipo de V\u00e1lvula: A rosca.<\/li>\n<li>Capacidad\/Caudal: 2 litros por minuto.<\/li>\n<li>Vida \u00datil: 14.000 litros o 12 meses.<\/li>\n<\/ul>\n<p><strong>INCLUYE<\/strong>:<\/p>\n<ul>\n<li>V\u00e1lvula de doble v\u00eda<\/li>\n<li>adaptadores para grifo con rosca interna<\/li>\n<li>adaptador de goma para grifo con rosca externa o sin rosca<\/li>\n<li>manguera calidad at\u00f3xica<\/li>\n<li>instrumento para la apertura del dispositivo.<\/li>\n<\/ul>\n","protected":false},"excerpt":{"rendered":"<p>Material: ABS.<br \/>\nTipo de Filtro: Carb\u00f3n activado granular + resinas de adsorci\u00f3n de ars\u00e9nico y metales pesados + pre y post filtros de 10 micrones.<br \/>\nReduce el 84,78% de la concentracio\u0301n de cloro del agua de red para un agua de entrada que contenga hasta 2,0 mg\/l de cloro.<br \/>\nReduce la concentracio\u0301n de arse\u0301nico en el agua de red en un el 90,38% para un agua de entrada que contenga hasta 0,1 mg\/l de arse\u0301nico.<br \/>\nEl dispositivo presenta una reduccio\u0301n de sustancias inorga\u0301nicas (plomo, aluminio, cobre) en todos los casos superior al 80%.<\/p>\n","protected":false},"featured_media":5894,"comment_status":"open","ping_status":"closed","template":"","meta":[],"product_brand":[],"product_cat":[162,160],"product_tag":[76],"class_list":{"0":"post-5892","1":"product","2":"type-product","3":"status-publish","4":"has-post-thumbnail","6":"product_cat-filtro-purificador","7":"product_cat-tratamiento-de-agua","8":"product_tag-rotoplas","10":"first","11":"instock","12":"sold-individually","13":"shipping-taxable","14":"purchasable","15":"product-type-simple"},"jetpack_sharing_enabled":true,"_links":{"self":[{"href":"https:\/\/inbeco.com.ar\/index.php\/wp-json\/wp\/v2\/product\/5892","targetHints":{"allow":["GET"]}}],"collection":[{"href":"https:\/\/inbeco.com.ar\/index.php\/wp-json\/wp\/v2\/product"}],"about":[{"href":"https:\/\/inbeco.com.ar\/index.php\/wp-json\/wp\/v2\/types\/product"}],"replies":[{"embeddable":true,"href":"https:\/\/inbeco.com.ar\/index.php\/wp-json\/wp\/v2\/comments?post=5892"}],"version-history":[{"count":13,"href":"https:\/\/inbeco.com.ar\/index.php\/wp-json\/wp\/v2\/product\/5892\/revisions"}],"predecessor-version":[{"id":5929,"href":"https:\/\/inbeco.com.ar\/index.php\/wp-json\/wp\/v2\/product\/5892\/revisions\/5929"}],"wp:featuredmedia":[{"embeddable":true,"href":"https:\/\/inbeco.com.ar\/index.php\/wp-json\/wp\/v2\/media\/5894"}],"wp:attachment":[{"href":"https:\/\/inbeco.com.ar\/index.php\/wp-json\/wp\/v2\/media?parent=5892"}],"wp:term":[{"taxonomy":"product_brand","embeddable":true,"href":"https:\/\/inbeco.com.ar\/index.php\/wp-json\/wp\/v2\/product_brand?post=5892"},{"taxonomy":"product_cat","embeddable":true,"href":"https:\/\/inbeco.com.ar\/index.php\/wp-json\/wp\/v2\/product_cat?post=5892"},{"taxonomy":"product_tag","embeddable":true,"href":"https:\/\/inbeco.com.ar\/index.php\/wp-json\/wp\/v2\/product_tag?post=5892"}],"curies":[{"name":"wp","href":"https:\/\/api.w.org\/{rel}","templated":true}]}}