{"id":5717,"date":"2025-03-06T19:47:27","date_gmt":"2025-03-06T18:47:27","guid":{"rendered":"https:\/\/inbeco.com.ar\/?post_type=product&#038;p=5717"},"modified":"2026-03-27T17:50:38","modified_gmt":"2026-03-27T20:50:38","slug":"campana-tst-lauda-60","status":"publish","type":"product","link":"https:\/\/inbeco.com.ar\/index.php\/producto\/campana-tst-lauda-60\/","title":{"rendered":"Campana TST Lauda 60"},"content":{"rendered":"<div class=\"txtEspec\">Medidas<br \/>\nAncho 60 cm<br \/>\nProfundidad cerrada 15 cm<\/div>\n<div><\/div>\n<div>\n<div><strong>Comando Touch con sensor de movimiento:<\/strong> El controlador de esta campana cuenta con sensor de movimiento. Con solo deslizar su mano frente al comando puede activar diversas funciones.<\/div>\n<div>Al deslizar su mano frente al comando de izquierda a derecha puede encender el motor en la primera velocidad. Si lo hace nuevamente cambiar\u00e1 a la segunda velocidad y si desliza una vez mas cambiar\u00e1 a la velocidad m\u00e1xima.<\/div>\n<div>Al deslizar su mano frente al comando de derecha a izquierda se apagar\u00e1 la campana luego de 1 minuto. Si la desliza otra vez en el mismo sentido se apagar\u00e1 la campana.<\/div>\n<\/div>\n","protected":false},"excerpt":{"rendered":"<p>Motor interno 6&#8243; de alto rendimiento y bajo nivel sonoro.<br \/>\n3 Velocidades (1V\/2V\/3V).<br \/>\nBotonera touch con sensor de movimiento.<br \/>\nIluminaci\u00f3n con tecnolog\u00eda LED.<br \/>\nAcabado en cero inoxidable esmerilado, vidrio negro templado.<br \/>\nExtracci\u00f3n 1080 m3\/h con salida al exterior.<br \/>\nIncluye: Cubre-ca\u00f1o extensible hasta 80 cm \/\/ Filtros met\u00e1licos lavables.<br \/>\nEste producto se trae a pedido.<\/p>\n","protected":false},"featured_media":5729,"comment_status":"open","ping_status":"closed","template":"","meta":[],"product_brand":[],"product_cat":[92,230,223,94],"product_tag":[78],"class_list":{"0":"post-5717","1":"product","2":"type-product","3":"status-publish","4":"has-post-thumbnail","6":"product_cat-campanas","7":"product_cat-campanas-pared-60","8":"product_cat-lauda","9":"product_cat-pared","10":"product_tag-tst","12":"first","13":"instock","14":"shipping-taxable","15":"purchasable","16":"product-type-simple"},"jetpack_sharing_enabled":true,"_links":{"self":[{"href":"https:\/\/inbeco.com.ar\/index.php\/wp-json\/wp\/v2\/product\/5717","targetHints":{"allow":["GET"]}}],"collection":[{"href":"https:\/\/inbeco.com.ar\/index.php\/wp-json\/wp\/v2\/product"}],"about":[{"href":"https:\/\/inbeco.com.ar\/index.php\/wp-json\/wp\/v2\/types\/product"}],"replies":[{"embeddable":true,"href":"https:\/\/inbeco.com.ar\/index.php\/wp-json\/wp\/v2\/comments?post=5717"}],"version-history":[{"count":4,"href":"https:\/\/inbeco.com.ar\/index.php\/wp-json\/wp\/v2\/product\/5717\/revisions"}],"predecessor-version":[{"id":7236,"href":"https:\/\/inbeco.com.ar\/index.php\/wp-json\/wp\/v2\/product\/5717\/revisions\/7236"}],"wp:featuredmedia":[{"embeddable":true,"href":"https:\/\/inbeco.com.ar\/index.php\/wp-json\/wp\/v2\/media\/5729"}],"wp:attachment":[{"href":"https:\/\/inbeco.com.ar\/index.php\/wp-json\/wp\/v2\/media?parent=5717"}],"wp:term":[{"taxonomy":"product_brand","embeddable":true,"href":"https:\/\/inbeco.com.ar\/index.php\/wp-json\/wp\/v2\/product_brand?post=5717"},{"taxonomy":"product_cat","embeddable":true,"href":"https:\/\/inbeco.com.ar\/index.php\/wp-json\/wp\/v2\/product_cat?post=5717"},{"taxonomy":"product_tag","embeddable":true,"href":"https:\/\/inbeco.com.ar\/index.php\/wp-json\/wp\/v2\/product_tag?post=5717"}],"curies":[{"name":"wp","href":"https:\/\/api.w.org\/{rel}","templated":true}]}}