{"id":5711,"date":"2025-03-06T19:01:53","date_gmt":"2025-03-06T18:01:53","guid":{"rendered":"https:\/\/inbeco.com.ar\/?post_type=product&#038;p=5711"},"modified":"2026-04-07T11:02:42","modified_gmt":"2026-04-07T14:02:42","slug":"campana-tst-ibera","status":"publish","type":"product","link":"https:\/\/inbeco.com.ar\/index.php\/producto\/campana-tst-ibera\/","title":{"rendered":"Campana TST Ibera"},"content":{"rendered":"<div class=\"txtEspec\">Medidas<\/div>\n<div>Ancho 59,5 cm<\/div>\n<div>Profundidad: cerrada 28 cm, extendida 48,5 cm<\/div>\n<div><\/div>\n<div><strong>Comando Touch con sensor de movimiento:<\/strong> El controlador de esta campana cuenta con sensor de movimiento. Con solo deslizar su mano frente al comando puede activar diversas funciones.<\/div>\n<div>Al deslizar su mano frente al comando de izquierda a derecha puede encender el motor en la primera velocidad. Si lo hace nuevamente cambiar\u00e1 a la segunda velocidad y si desliza una vez mas cambiar\u00e1 a la velocidad m\u00e1xima.<\/div>\n<div>Al deslizar su mano frente al comando de derecha a izquierda se apagar\u00e1 la campana luego de 1 minuto. Si la desliza otra vez en el mismo sentido se apagar\u00e1 la campana.<\/div>\n","protected":false},"excerpt":{"rendered":"<p>Motor interno 6&#8243; de bajo nivel sonoro.<br \/>\n3 Velocidades (1V\/2V\/3V).<br \/>\nBotonera touch con sensor de movimiento.<br \/>\nIluminaci\u00f3n con tecnolog\u00eda LED.<br \/>\nAcabado en acero inoxidable esmerilado y vidrio templado negro.<br \/>\nExtracci\u00f3n 800 m3\/h con salida al exterior.<br \/>\nIncluye: Filtros met\u00e1licos lavables.<br \/>\nConsulte stock antes de realizar la compra.<\/p>\n","protected":false},"featured_media":5712,"comment_status":"open","ping_status":"closed","template":"","meta":[],"product_brand":[],"product_cat":[92,218,222],"product_tag":[78],"class_list":{"0":"post-5711","1":"product","2":"type-product","3":"status-publish","4":"has-post-thumbnail","6":"product_cat-campanas","7":"product_cat-empotrar","8":"product_cat-ibera","9":"product_tag-tst","11":"first","12":"instock","13":"shipping-taxable","14":"purchasable","15":"product-type-simple"},"jetpack_sharing_enabled":true,"_links":{"self":[{"href":"https:\/\/inbeco.com.ar\/index.php\/wp-json\/wp\/v2\/product\/5711","targetHints":{"allow":["GET"]}}],"collection":[{"href":"https:\/\/inbeco.com.ar\/index.php\/wp-json\/wp\/v2\/product"}],"about":[{"href":"https:\/\/inbeco.com.ar\/index.php\/wp-json\/wp\/v2\/types\/product"}],"replies":[{"embeddable":true,"href":"https:\/\/inbeco.com.ar\/index.php\/wp-json\/wp\/v2\/comments?post=5711"}],"version-history":[{"count":5,"href":"https:\/\/inbeco.com.ar\/index.php\/wp-json\/wp\/v2\/product\/5711\/revisions"}],"predecessor-version":[{"id":7212,"href":"https:\/\/inbeco.com.ar\/index.php\/wp-json\/wp\/v2\/product\/5711\/revisions\/7212"}],"wp:featuredmedia":[{"embeddable":true,"href":"https:\/\/inbeco.com.ar\/index.php\/wp-json\/wp\/v2\/media\/5712"}],"wp:attachment":[{"href":"https:\/\/inbeco.com.ar\/index.php\/wp-json\/wp\/v2\/media?parent=5711"}],"wp:term":[{"taxonomy":"product_brand","embeddable":true,"href":"https:\/\/inbeco.com.ar\/index.php\/wp-json\/wp\/v2\/product_brand?post=5711"},{"taxonomy":"product_cat","embeddable":true,"href":"https:\/\/inbeco.com.ar\/index.php\/wp-json\/wp\/v2\/product_cat?post=5711"},{"taxonomy":"product_tag","embeddable":true,"href":"https:\/\/inbeco.com.ar\/index.php\/wp-json\/wp\/v2\/product_tag?post=5711"}],"curies":[{"name":"wp","href":"https:\/\/api.w.org\/{rel}","templated":true}]}}