{"id":5255,"date":"2024-07-01T18:38:32","date_gmt":"2024-07-01T16:38:32","guid":{"rendered":"https:\/\/inbeco.com.ar\/?post_type=product&#038;p=5255"},"modified":"2025-12-31T14:42:58","modified_gmt":"2025-12-31T17:42:58","slug":"cocina-industrial-acero-inoxidable-corbelli-cf-100","status":"publish","type":"product","link":"https:\/\/inbeco.com.ar\/index.php\/producto\/cocina-industrial-acero-inoxidable-corbelli-cf-100\/","title":{"rendered":"Cocina Industrial Acero Inoxidable Corbelli CF 100"},"content":{"rendered":"<p>Medidas:<br \/>\nEXTERIOR: 87 alto x 100 ancho x 72 cm prof.<br \/>\nINTERIOR HORNO: 35 alto x 78 ancho x 64 cm prof.<\/p>\n","protected":false},"excerpt":{"rendered":"<p>Exterior:\u00a0Acero inoxidable calidad AISI 430 esmerilado de 1 mm.<br \/>\nRejillas y tapas de quemadores:\u00a0Hierro fundido.<br \/>\nHorno: Piso en tejuelas refractarias, puerta con resorte industrial, v\u00e1lvula de seguridad en el horno, quemador longitudinal, pir\u00f3metro indicador de la temperatura y aislaci\u00f3n del exterior mediante vrac, accesorios: 2 rejillas.<br \/>\nConfiguraci\u00f3n: 6 hornallas, 5 Hornallas, 4 hornallas m\u00e1s plancha bifera, 4 hornallas m\u00e1s ba\u00f1o mar\u00eda.<br \/>\nConexi\u00f3n: Gas \u00f8 1\/2\u201d<br \/>\nFuncionamiento: Gas natural o Gas envasado.<\/p>\n","protected":false},"featured_media":5757,"comment_status":"open","ping_status":"closed","template":"","meta":[],"product_brand":[],"product_cat":[99,208,100],"product_tag":[69],"class_list":{"0":"post-5255","1":"product","2":"type-product","3":"status-publish","4":"has-post-thumbnail","6":"product_cat-cocinas","7":"product_cat-cocinas-cf","8":"product_cat-gas","9":"product_tag-corbelli","11":"first","12":"onbackorder","13":"shipping-taxable","14":"product-type-simple"},"jetpack_sharing_enabled":true,"_links":{"self":[{"href":"https:\/\/inbeco.com.ar\/index.php\/wp-json\/wp\/v2\/product\/5255","targetHints":{"allow":["GET"]}}],"collection":[{"href":"https:\/\/inbeco.com.ar\/index.php\/wp-json\/wp\/v2\/product"}],"about":[{"href":"https:\/\/inbeco.com.ar\/index.php\/wp-json\/wp\/v2\/types\/product"}],"replies":[{"embeddable":true,"href":"https:\/\/inbeco.com.ar\/index.php\/wp-json\/wp\/v2\/comments?post=5255"}],"version-history":[{"count":5,"href":"https:\/\/inbeco.com.ar\/index.php\/wp-json\/wp\/v2\/product\/5255\/revisions"}],"predecessor-version":[{"id":6302,"href":"https:\/\/inbeco.com.ar\/index.php\/wp-json\/wp\/v2\/product\/5255\/revisions\/6302"}],"wp:featuredmedia":[{"embeddable":true,"href":"https:\/\/inbeco.com.ar\/index.php\/wp-json\/wp\/v2\/media\/5757"}],"wp:attachment":[{"href":"https:\/\/inbeco.com.ar\/index.php\/wp-json\/wp\/v2\/media?parent=5255"}],"wp:term":[{"taxonomy":"product_brand","embeddable":true,"href":"https:\/\/inbeco.com.ar\/index.php\/wp-json\/wp\/v2\/product_brand?post=5255"},{"taxonomy":"product_cat","embeddable":true,"href":"https:\/\/inbeco.com.ar\/index.php\/wp-json\/wp\/v2\/product_cat?post=5255"},{"taxonomy":"product_tag","embeddable":true,"href":"https:\/\/inbeco.com.ar\/index.php\/wp-json\/wp\/v2\/product_tag?post=5255"}],"curies":[{"name":"wp","href":"https:\/\/api.w.org\/{rel}","templated":true}]}}