{"id":2530,"date":"2024-02-26T17:18:55","date_gmt":"2024-02-26T16:18:55","guid":{"rendered":"https:\/\/inbeco.com.ar\/?post_type=product&#038;p=2530"},"modified":"2026-03-12T17:35:39","modified_gmt":"2026-03-12T20:35:39","slug":"bomba-presurizadora-rowa-max-flow-302-e-35","status":"publish","type":"product","link":"https:\/\/inbeco.com.ar\/index.php\/producto\/bomba-presurizadora-rowa-max-flow-302-e-35\/","title":{"rendered":"Max Flow 302 E\/35 L Bomba Presurizadora Rowa"},"content":{"rendered":"<p>Aumento de la presi\u00f3n de agua en edificaciones de tama\u00f1o medio, con o sin v\u00e1lvulas de descarga para inodoros que requieran presurizaci\u00f3n sin fluctuaciones y abundancia de agua.<br \/>\nResidencial: Casas, departamentos, etc.<br \/>\nComercial: Restaurantes, hoteles, estaciones de servicio, etc.<br \/>\nHasta 4 duchas y v\u00e1lvula de descarga.<br \/>\nNo produce golpes de ariete.<br \/>\n\u00danico con sistema RPX.<br \/>\nLa bomba del equipo es ROWA y por ello es totalmente silenciosa.<br \/>\nNo requiere ning\u00fan mantenimiento.<br \/>\nDos salidas, una para la instalaci\u00f3n sanitaria general y otra para v\u00e1lvulas de descarga.<br \/>\nUn s\u00f3lo equipo para la instalaci\u00f3n sanitaria general y alimentaci\u00f3n de v\u00e1lvulas de inodoro.<br \/>\nSeguridad, confiabilidad.<br \/>\nEste producto se trae a pedido.<\/p>\n","protected":false},"excerpt":{"rendered":"<p>Presi\u00f3n m\u00e1xima: 25,5 mca<br \/>\nCaudal m\u00e1ximo: (izq.\/a.) 6500<br \/>\nPotencia: 0,75 hp<br \/>\nTensi\u00f3n: 220v<br \/>\nYo: (Un) 5,5<br \/>\nGarant\u00eda Rowa: 2 a\u00f1os.<\/p>\n","protected":false},"featured_media":2534,"comment_status":"open","ping_status":"closed","template":"","meta":[],"product_brand":[],"product_cat":[56,264,57,258],"product_tag":[77],"class_list":{"0":"post-2530","1":"product","2":"type-product","3":"status-publish","4":"has-post-thumbnail","6":"product_cat-bombas","7":"product_cat-max-flow","8":"product_cat-presurizadoras","9":"product_cat-tanque-cisternas","10":"product_tag-rowa","12":"first","13":"outofstock","14":"shipping-taxable","15":"purchasable","16":"product-type-simple"},"jetpack_sharing_enabled":true,"_links":{"self":[{"href":"https:\/\/inbeco.com.ar\/index.php\/wp-json\/wp\/v2\/product\/2530","targetHints":{"allow":["GET"]}}],"collection":[{"href":"https:\/\/inbeco.com.ar\/index.php\/wp-json\/wp\/v2\/product"}],"about":[{"href":"https:\/\/inbeco.com.ar\/index.php\/wp-json\/wp\/v2\/types\/product"}],"replies":[{"embeddable":true,"href":"https:\/\/inbeco.com.ar\/index.php\/wp-json\/wp\/v2\/comments?post=2530"}],"version-history":[{"count":4,"href":"https:\/\/inbeco.com.ar\/index.php\/wp-json\/wp\/v2\/product\/2530\/revisions"}],"predecessor-version":[{"id":6889,"href":"https:\/\/inbeco.com.ar\/index.php\/wp-json\/wp\/v2\/product\/2530\/revisions\/6889"}],"wp:featuredmedia":[{"embeddable":true,"href":"https:\/\/inbeco.com.ar\/index.php\/wp-json\/wp\/v2\/media\/2534"}],"wp:attachment":[{"href":"https:\/\/inbeco.com.ar\/index.php\/wp-json\/wp\/v2\/media?parent=2530"}],"wp:term":[{"taxonomy":"product_brand","embeddable":true,"href":"https:\/\/inbeco.com.ar\/index.php\/wp-json\/wp\/v2\/product_brand?post=2530"},{"taxonomy":"product_cat","embeddable":true,"href":"https:\/\/inbeco.com.ar\/index.php\/wp-json\/wp\/v2\/product_cat?post=2530"},{"taxonomy":"product_tag","embeddable":true,"href":"https:\/\/inbeco.com.ar\/index.php\/wp-json\/wp\/v2\/product_tag?post=2530"}],"curies":[{"name":"wp","href":"https:\/\/api.w.org\/{rel}","templated":true}]}}