{"id":2444,"date":"2024-02-26T14:17:59","date_gmt":"2024-02-26T13:17:59","guid":{"rendered":"https:\/\/inbeco.com.ar\/?post_type=product&#038;p=2444"},"modified":"2026-03-20T11:47:09","modified_gmt":"2026-03-20T14:47:09","slug":"anafe-tst-electrico-vitroceramico-2","status":"publish","type":"product","link":"https:\/\/inbeco.com.ar\/index.php\/producto\/anafe-tst-electrico-vitroceramico-2\/","title":{"rendered":"Anafe TST El\u00e9ctrico Vitrocer\u00e1mico 2 \u00e1reas Negro"},"content":{"rendered":"<p><strong>Medidas:<\/strong><br \/>\nancho 28,8 cm, profundidad 52 cm.<\/p>\n<p><strong>Medidas de encastre:<\/strong><br \/>\nancho 268 mm, profundidad 500 mm.<\/p>\n","protected":false},"excerpt":{"rendered":"<p>PUNTOS DE COCCI\u00d3N: 2.<br \/>\nCOMANDO: Touch con barra slider.<br \/>\nACABADO: Vidrio negro templado biselado.<br \/>\nNIVELES DE POTENCIA: 9.<br \/>\nAVISO DE SUPERFICIE CALIENTE: Si.<br \/>\nBLOQUEO DE COMANDOS: Si.<br \/>\nTEMPORIZADOR: Sonoro y corte de cocci\u00f3n.<\/p>\n<p>Consulte stock antes de realizar la compra.<\/p>\n","protected":false},"featured_media":2448,"comment_status":"open","ping_status":"closed","template":"","meta":[],"product_brand":[],"product_cat":[49,50],"product_tag":[78],"class_list":{"0":"post-2444","1":"product","2":"type-product","3":"status-publish","4":"has-post-thumbnail","6":"product_cat-anafes","7":"product_cat-domesticos","8":"product_tag-tst","10":"first","11":"instock","12":"shipping-taxable","13":"purchasable","14":"product-type-simple"},"jetpack_sharing_enabled":true,"_links":{"self":[{"href":"https:\/\/inbeco.com.ar\/index.php\/wp-json\/wp\/v2\/product\/2444","targetHints":{"allow":["GET"]}}],"collection":[{"href":"https:\/\/inbeco.com.ar\/index.php\/wp-json\/wp\/v2\/product"}],"about":[{"href":"https:\/\/inbeco.com.ar\/index.php\/wp-json\/wp\/v2\/types\/product"}],"replies":[{"embeddable":true,"href":"https:\/\/inbeco.com.ar\/index.php\/wp-json\/wp\/v2\/comments?post=2444"}],"version-history":[{"count":5,"href":"https:\/\/inbeco.com.ar\/index.php\/wp-json\/wp\/v2\/product\/2444\/revisions"}],"predecessor-version":[{"id":7125,"href":"https:\/\/inbeco.com.ar\/index.php\/wp-json\/wp\/v2\/product\/2444\/revisions\/7125"}],"wp:featuredmedia":[{"embeddable":true,"href":"https:\/\/inbeco.com.ar\/index.php\/wp-json\/wp\/v2\/media\/2448"}],"wp:attachment":[{"href":"https:\/\/inbeco.com.ar\/index.php\/wp-json\/wp\/v2\/media?parent=2444"}],"wp:term":[{"taxonomy":"product_brand","embeddable":true,"href":"https:\/\/inbeco.com.ar\/index.php\/wp-json\/wp\/v2\/product_brand?post=2444"},{"taxonomy":"product_cat","embeddable":true,"href":"https:\/\/inbeco.com.ar\/index.php\/wp-json\/wp\/v2\/product_cat?post=2444"},{"taxonomy":"product_tag","embeddable":true,"href":"https:\/\/inbeco.com.ar\/index.php\/wp-json\/wp\/v2\/product_tag?post=2444"}],"curies":[{"name":"wp","href":"https:\/\/api.w.org\/{rel}","templated":true}]}}